{"id":1160,"date":"2023-07-20T14:47:33","date_gmt":"2023-07-20T14:47:33","guid":{"rendered":"https:\/\/etherecliniquemedicaledentaire.com\/?page_id=1160"},"modified":"2024-07-18T14:34:02","modified_gmt":"2024-07-18T14:34:02","slug":"our-team","status":"publish","type":"page","link":"https:\/\/dentistesoutremont.ca\/en\/dental-clinic\/our-team\/","title":{"rendered":"Our team"},"content":{"rendered":"<div class=\"vce-row-container\" data-vce-boxed-width=\"true\"><div class=\"vce-row vce-row--has-col-background vce-row--col-gap-0 pb-120 vce-row-equal-height vce-row-content--top\" id=\"el-a2b0b02c\" data-vce-do-apply=\"all el-a2b0b02c\"><div class=\"vce-row-content\" data-vce-element-content=\"true\"><div class=\"vce-col vce-element--has-background vce-col--xs-100p vce-col--xs-visible vce-col--xs-last vce-col--xs-first vce-col--sm-100p vce-col--sm-visible vce-col--sm-last vce-col--sm-first vce-col--md-50p vce-col--md-visible vce-col--md-first vce-col--lg-50p vce-col--lg-visible vce-col--lg-first vce-col--xl-auto vce-col--xl-visible vce-col--xl-first h-230\" id=\"el-7d6a6d8b\"><div class=\"vce-col-inner\" data-vce-do-apply=\"border margin background  el-7d6a6d8b\"><div class=\"vce-content-background-container\"><div class=\"vce-asset-background-simple-container vce-visible-all-only vce-asset-background-simple--style-cover vce-asset-background-simple--position-center-center\"><div class=\"vce-asset-background-simple\">\n              <div style='background-image: url(\"https:\/\/dentistesoutremont.ca\/wp-content\/uploads\/2023\/07\/header-notre-equipe.jpg\");'  class=\"vce-asset-background-simple-item vcv-lozad\" ><\/div>\n              <noscript>\n                <div class=\"vce-asset-background-simple-item\" style=\"background-image: url(https:\/\/dentistesoutremont.ca\/wp-content\/uploads\/2023\/07\/header-notre-equipe.jpg)\"><\/div>\n              <\/noscript>\n            <\/div><\/div><\/div><div class=\"vce-col-content\" data-vce-element-content=\"true\" data-vce-do-apply=\"padding el-7d6a6d8b\"><div class=\"vcv-row-control-wrapper\"><\/div><\/div><\/div><\/div><div class=\"vce-col vce-element--has-background vce-col--xs-100p vce-col--xs-visible vce-col--xs-last vce-col--xs-first vce-col--sm-100p vce-col--sm-visible vce-col--sm-last vce-col--sm-first vce-col--md-50p vce-col--md-visible vce-col--md-last vce-col--lg-50p vce-col--lg-visible vce-col--lg-last vce-col--xl-auto vce-col--xl-visible vce-col--xl-last\" id=\"el-a3fd77b5\"><div class=\"vce-col-inner\" data-vce-do-apply=\"border margin background  el-a3fd77b5\"><div class=\"vce-content-background-container\"><\/div><div class=\"vce-col-content\" data-vce-element-content=\"true\" data-vce-do-apply=\"padding el-a3fd77b5\"><div class=\"vce-text-block pt-120 plr-120 fs45 regular lh-55 uppercase pb-30\"><div class=\"vce-text-block-wrapper vce\" id=\"el-31a6fa0c\" data-vce-do-apply=\"all el-31a6fa0c\"><h1>Our team<\/h1><\/div><\/div><div class=\"vce-text-block pl-120 pr-160  mb-70 fs19\"><div class=\"vce-text-block-wrapper vce\" id=\"el-e73edb46\" data-vce-do-apply=\"all el-e73edb46\">Our professionals at Dentistes Outremont are committed to helping each other: we believe in collaboration within the team, as well as in communication with patients. The relationship of trust with our Montreal clientele is at the heart of our practice. We want to provide you with the best advice and care, whether it's for the health and visual appearance of your smile, or for the aesthetics of your face and skin. As such, our diverse and passionate team offers expertise to meet a wide range of needs. <br><\/div><\/div><div class=\"vce-text-block plr-120 mb-102\"><div class=\"vce-text-block-wrapper vce\" id=\"el-af180f19\" data-vce-do-apply=\"all el-af180f19\"><p><a class=\"green-btn\" href=\"\/en\/contact-us\/#contact\">contact us<\/a><\/p><\/div><\/div><\/div><\/div><\/div><\/div><\/div><\/div><div class=\"vce-row-container\" data-vce-boxed-width=\"true\"><div class=\"vce-row vce-element--has-background vce-row--col-gap-0 pb-120 vce-row-equal-height vce-row-content--middle\" id=\"el-29f4155a\" data-vce-do-apply=\"all el-29f4155a\"><div class=\"vce-content-background-container\"><div class=\"vce-asset-background-simple-container vce-visible-all-only vce-asset-background-simple--style-cover vce-asset-background-simple--position-left-bottom\"><div class=\"vce-asset-background-simple\">\n              <div style='background-image: url(\"https:\/\/dentistesoutremont.ca\/wp-content\/uploads\/2023\/07\/bg-gris.png\");'  class=\"vce-asset-background-simple-item vcv-lozad\" ><\/div>\n              <noscript>\n                <div class=\"vce-asset-background-simple-item\" style=\"background-image: url(https:\/\/dentistesoutremont.ca\/wp-content\/uploads\/2023\/07\/bg-gris.png)\"><\/div>\n              <\/noscript>\n            <\/div><\/div><\/div><div class=\"vce-row-content\" data-vce-element-content=\"true\"><div class=\"vce-col vce-col--xs-100p vce-col--xs-visible vce-col--xs-last vce-col--xs-first vce-col--sm-100p vce-col--sm-visible vce-col--sm-last vce-col--sm-first vce-col--md-40p vce-col--md-visible vce-col--md-first vce-col--lg-40p vce-col--lg-visible vce-col--lg-first vce-col--xl-40p vce-col--xl-visible vce-col--xl-first pl-120 pr-170 pb-30-mob\" id=\"el-463e8e1d\"><div class=\"vce-col-inner\" data-vce-do-apply=\"border margin background  el-463e8e1d\"><div class=\"vce-col-content\" data-vce-element-content=\"true\" data-vce-do-apply=\"padding el-463e8e1d\"><div class=\"vce-single-image-container vce-single-image--align-center\"><div class=\"vce vce-single-image-wrapper\" id=\"el-cf9d2d21\" data-vce-do-apply=\"all el-cf9d2d21\"><figure><div class=\"vce-single-image-figure-inner\" style=\"width: 453px;\"><div class=\"vce-single-image-inner vce-single-image--absolute\" style=\"width: 100%; padding-bottom: 105.519%;\"><img decoding=\"async\" class=\"vce-single-image\" src=\"https:\/\/dentistesoutremont.ca\/wp-content\/uploads\/2023\/07\/Dr-Vi-An.png\" data-img-src=\"https:\/\/dentistesoutremont.ca\/wp-content\/uploads\/2023\/07\/Dr-Vi-An.png\" data-attachment-id=\"1777\" alt=\"DR VI-AN TU-LE\" title=\"Dr-Vi-An\"><\/div><\/div><figcaption hidden=\"\"><\/figcaption><\/figure><\/div><\/div><\/div><\/div><\/div><div class=\"vce-col vce-col--xs-100p vce-col--xs-visible vce-col--xs-last vce-col--xs-first vce-col--sm-100p vce-col--sm-visible vce-col--sm-last vce-col--sm-first vce-col--md-60p vce-col--md-visible vce-col--md-last vce-col--lg-60p vce-col--lg-visible vce-col--lg-last vce-col--xl-60p vce-col--xl-visible vce-col--xl-last pr-290 pl-30-mob\" id=\"el-47d61884\"><div class=\"vce-col-inner\" data-vce-do-apply=\"border margin background  el-47d61884\"><div class=\"vce-col-content\" data-vce-element-content=\"true\" data-vce-do-apply=\"padding el-47d61884\"><div class=\"vce-text-block pb-50\"><div class=\"vce-text-block-wrapper vce\" id=\"el-ea2d5095\" data-vce-do-apply=\"all el-ea2d5095\"><h2 class=\"fs35 lh-40 uppercase\">Dr. Vi-An Tu-Le<\/h2>\n<p><span class=\"fs20 bleu-fonce uppercase bold\">General Dentist<\/span><\/p><\/div><\/div><div class=\"vce-text-block pr-30\"><div class=\"vce-text-block-wrapper vce\" id=\"el-88d77237\" data-vce-do-apply=\"all el-88d77237\">Dr. Vi-An Tu-Le obtained his Doctorate in Dental Medicine from the Universit\u00e9 de Montr\u00e9al in 2016. He then completed a year of multidisciplinary residency at the University of Texas Health Science Center in Houston, USA. This additional year enabled him to refine his knowledge and perfect his art in dentistry. His certifications include nitrous oxide conscious sedation and diode laser surgery.<br><br>Dr. Vi-An is currently a member of the Ordre des Dentistes du Qu\u00e9bec, as well as the Association des Chirurgiens-Dentistes du Qu\u00e9bec. Committed to the health and well-being of his patients, he will provide you with dynamic, empathetic and professional dental care in French, English and Vietnamese!<\/div><\/div><\/div><\/div><\/div><\/div><\/div><\/div><div class=\"vce-row-container\" data-vce-boxed-width=\"true\"><div class=\"vce-row vce-element--has-background vce-row--col-gap-0 vce-row-equal-height vce-row-content--middle\" id=\"el-9eb87248\" data-vce-do-apply=\"all el-9eb87248\"><div class=\"vce-content-background-container\"><div class=\"vce-asset-background-simple-container vce-visible-all-only vce-asset-background-simple--style-cover vce-asset-background-simple--position-right-top\"><div class=\"vce-asset-background-simple\">\n              <div style='background-image: url(\"https:\/\/dentistesoutremont.ca\/wp-content\/uploads\/2023\/07\/bg-top.png\");'  class=\"vce-asset-background-simple-item vcv-lozad\" ><\/div>\n              <noscript>\n                <div class=\"vce-asset-background-simple-item\" style=\"background-image: url(https:\/\/dentistesoutremont.ca\/wp-content\/uploads\/2023\/07\/bg-top.png)\"><\/div>\n              <\/noscript>\n            <\/div><\/div><\/div><div class=\"vce-row-content\" data-vce-element-content=\"true\"><div class=\"vce-col vce-col--xs-100p vce-col--xs-visible vce-col--xs-last vce-col--xs-first vce-col--sm-100p vce-col--sm-visible vce-col--sm-last vce-col--sm-first vce-col--md-60p vce-col--md-visible vce-col--md-first vce-col--lg-60p vce-col--lg-visible vce-col--lg-first vce-col--xl-60p vce-col--xl-visible vce-col--xl-first pl-120 ptb-115 mob pr-215 pb-30-mob\" id=\"el-b72d0879\"><div class=\"vce-col-inner\" data-vce-do-apply=\"border margin background  el-b72d0879\"><div class=\"vce-col-content\" data-vce-element-content=\"true\" data-vce-do-apply=\"padding el-b72d0879\"><div class=\"vce-text-block pb-50\"><div class=\"vce-text-block-wrapper vce\" id=\"el-8df3749a\" data-vce-do-apply=\"all el-8df3749a\"><h2 class=\"fs35 lh-40 uppercase\">Dr. Thi Dieu Trang Le<\/h2>\n<p><span class=\"fs20 bleu-fonce uppercase bold\">Owner<\/span><\/p><\/div><\/div><div class=\"vce-text-block pr-30\"><div class=\"vce-text-block-wrapper vce\" id=\"el-603dec8d\" data-vce-do-apply=\"all el-603dec8d\">A member of the Ordre des dentistes du Qu\u00e9bec and a Fellow of the International Association for Orthodontics, <b>Dr. LE<\/b> obtained her Doctorate in Dental Medicine from the Universit\u00e9 de Montr\u00e9al in 1992.<br><br>Passionate about aesthetics and full of creativity, Dr. Le quickly devoted her career to cosmetic dentistry and orthodontics, helping people improve their quality of life by correcting their smile. Indeed, that's what she finds most rewarding about her profession - being able to put a smile back on her patients' faces. <br><br>Her desire to make people happier and prouder of themselves has led her to pursue a wide range of training courses at the International Dental Institute, including the prestigious Las Vegas Institute for Advanced Dental Studies.<\/div><\/div><\/div><\/div><\/div><div class=\"vce-col vce-col--xs-100p vce-col--xs-visible vce-col--xs-last vce-col--xs-first vce-col--sm-100p vce-col--sm-visible vce-col--sm-last vce-col--sm-first vce-col--md-40p vce-col--md-visible vce-col--md-last vce-col--lg-40p vce-col--lg-visible vce-col--lg-last vce-col--xl-40p vce-col--xl-visible vce-col--xl-last ptb-115 pl-30-mob pr-290\" id=\"el-d8cfea67\"><div class=\"vce-col-inner\" data-vce-do-apply=\"border margin background  el-d8cfea67\"><div class=\"vce-col-content\" data-vce-element-content=\"true\" data-vce-do-apply=\"padding el-d8cfea67\"><div class=\"vce-single-image-container vce-single-image--align-center\"><div class=\"vce vce-single-image-wrapper\" id=\"el-f2ab98fb\" data-vce-do-apply=\"all el-f2ab98fb\"><figure><div class=\"vce-single-image-figure-inner\" style=\"width: 453px;\"><div class=\"vce-single-image-inner vce-single-image--absolute\" style=\"width: 100%; padding-bottom: 139.956%;\"><img decoding=\"async\" class=\"vce-single-image\" src=\"https:\/\/dentistesoutremont.ca\/wp-content\/uploads\/2023\/07\/Dr-Le.png\" data-img-src=\"https:\/\/dentistesoutremont.ca\/wp-content\/uploads\/2023\/07\/Dr-Le.png\" data-attachment-id=\"1775\" alt=\"DRE THI DIEU TRANG LE\" title=\"DRE THI DIEU TRANG LE\"><\/div><\/div><figcaption hidden=\"\"><\/figcaption><\/figure><\/div><\/div><\/div><\/div><\/div><\/div><\/div><\/div><div class=\"vce-row-container\" data-vce-boxed-width=\"true\"><div class=\"vce-row vce-element--has-background vce-row--col-gap-0 pb-20 vce-row-equal-height vce-row-content--middle\" id=\"el-ed406668\" data-vce-do-apply=\"all el-ed406668\"><div class=\"vce-content-background-container\"><div class=\"vce-asset-background-simple-container vce-visible-all-only vce-asset-background-simple--style-cover vce-asset-background-simple--position-left-bottom\"><div class=\"vce-asset-background-simple\">\n              <div style='background-image: url(\"https:\/\/dentistesoutremont.ca\/wp-content\/uploads\/2023\/07\/bg-bottom.png\");'  class=\"vce-asset-background-simple-item vcv-lozad\" ><\/div>\n              <noscript>\n                <div class=\"vce-asset-background-simple-item\" style=\"background-image: url(https:\/\/dentistesoutremont.ca\/wp-content\/uploads\/2023\/07\/bg-bottom.png)\"><\/div>\n              <\/noscript>\n            <\/div><\/div><\/div><div class=\"vce-row-content\" data-vce-element-content=\"true\"><div class=\"vce-col vce-col--xs-100p vce-col--xs-visible vce-col--xs-last vce-col--xs-first vce-col--sm-100p vce-col--sm-visible vce-col--sm-last vce-col--sm-first vce-col--md-40p vce-col--md-visible vce-col--md-first vce-col--lg-40p vce-col--lg-visible vce-col--lg-first vce-col--xl-40p vce-col--xl-visible vce-col--xl-first pl-120 pr-170  pb-30-mob pt-30-mob\" id=\"el-335b8895\"><div class=\"vce-col-inner\" data-vce-do-apply=\"border margin background  el-335b8895\"><div class=\"vce-col-content\" data-vce-element-content=\"true\" data-vce-do-apply=\"padding el-335b8895\"><div class=\"vce-single-image-container vce-single-image--align-center\"><div class=\"vce vce-single-image-wrapper\" id=\"el-13ee16f9\" data-vce-do-apply=\"all el-13ee16f9\"><figure><div class=\"vce-single-image-figure-inner\" style=\"width: 453px;\"><div class=\"vce-single-image-inner vce-single-image--absolute\" style=\"width: 100%; padding-bottom: 132.23%;\"><img decoding=\"async\" class=\"vce-single-image\" src=\"https:\/\/dentistesoutremont.ca\/wp-content\/uploads\/2023\/07\/Dr-KHUE-TU.png\" data-img-src=\"https:\/\/dentistesoutremont.ca\/wp-content\/uploads\/2023\/07\/Dr-KHUE-TU.png\" data-attachment-id=\"1779\" alt=\"DR KHUE TU\" title=\"Dr-KHUE-TU\"><\/div><\/div><figcaption hidden=\"\"><\/figcaption><\/figure><\/div><\/div><\/div><\/div><\/div><div class=\"vce-col vce-col--xs-100p vce-col--xs-visible vce-col--xs-last vce-col--xs-first vce-col--sm-100p vce-col--sm-visible vce-col--sm-last vce-col--sm-first vce-col--md-60p vce-col--md-visible vce-col--md-last vce-col--lg-60p vce-col--lg-visible vce-col--lg-last vce-col--xl-60p vce-col--xl-visible vce-col--xl-last pr-290 ptb-115 pl-30-mob\" id=\"el-4e4e3e18\"><div class=\"vce-col-inner\" data-vce-do-apply=\"border margin background  el-4e4e3e18\"><div class=\"vce-col-content\" data-vce-element-content=\"true\" data-vce-do-apply=\"padding el-4e4e3e18\"><div class=\"vce-text-block pb-50\"><div class=\"vce-text-block-wrapper vce\" id=\"el-5f98f8f1\" data-vce-do-apply=\"all el-5f98f8f1\"><h2 class=\"fs35 lh-40 uppercase\">Dr. Khue Tu<\/h2>\n<p><span class=\"fs20 bleu-fonce uppercase bold\">aesthetic medicine<\/span><\/p><\/div><\/div><div class=\"vce-text-block pr-30\"><div class=\"vce-text-block-wrapper vce\" id=\"el-7e5f5f99\" data-vce-do-apply=\"all el-7e5f5f99\">A member of the Coll\u00e8ge des m\u00e9decins du Qu\u00e9bec, the International Academy of Cosmetic Dermatology and the American Society for Laser Medicine and Surgery, <b>Dr. Khue<\/b> Tu obtained his MD from the Universit\u00e9 de Montr\u00e9al in 1989. He is triple certified in advanced life support (ACLS, ATLS and PALS). He subsequently completed several fellowships at Harvard Medical School in Boston, USA.<br><br>After his postdoctoral residency at UdeM, Dr. Tu taught clinical medicine to several future physicians. At the same time, he pursued his career both as a hospital physician and as a co-investigator on several medical research projects.<br><br>A specialist with a passion for aesthetics, in addition to his training in family medicine, he has acquired further specific and advanced training from leading American and Canadian laser and aesthetic medicine specialists. He often travels to the United States and Europe to exchange knowledge with the best international cosmetic surgeons and dermatologists. His aim is to offer the very best in aesthetic and anti-aging medicine to his Quebec patients. By teaming up with talented cosmetic dentists, Dr. Tu is realizing his dream of fighting the signs of aging and helping people feel better about themselves.<\/div><\/div><\/div><\/div><\/div><\/div><\/div><\/div>","protected":false},"excerpt":{"rendered":"<p>Our teamOur professionals at Dentistes Outremont are committed to helping each other: we believe in collaboration within the team, as well as in communication with patients. The relationship of trust with our Montreal clientele is [&hellip;]<\/p>\n","protected":false},"author":1,"featured_media":1162,"parent":1149,"menu_order":0,"comment_status":"closed","ping_status":"closed","template":"","meta":{"footnotes":""},"class_list":["post-1160","page","type-page","status-publish","has-post-thumbnail","hentry"],"yoast_head":"<!-- This site is optimized with the Yoast SEO plugin v27.2 - https:\/\/yoast.com\/product\/yoast-seo-wordpress\/ -->\n<title>Our team - Dentistes Outremont<\/title>\n<meta name=\"robots\" content=\"index, follow, max-snippet:-1, max-image-preview:large, max-video-preview:-1\" \/>\n<link rel=\"canonical\" href=\"https:\/\/dentistesoutremont.ca\/en\/dental-clinic\/our-team\/\" \/>\n<meta property=\"og:locale\" content=\"en_US\" \/>\n<meta property=\"og:type\" content=\"article\" \/>\n<meta property=\"og:title\" content=\"Our team - Dentistes Outremont\" \/>\n<meta property=\"og:description\" content=\"Our teamOur professionals at Dentistes Outremont are committed to helping each other: we believe in collaboration within the team, as well as in communication with patients. The relationship of trust with our Montreal clientele is [&hellip;]\" \/>\n<meta property=\"og:url\" content=\"https:\/\/dentistesoutremont.ca\/en\/dental-clinic\/our-team\/\" \/>\n<meta property=\"og:site_name\" content=\"Dentistes Outremont\" \/>\n<meta property=\"article:modified_time\" content=\"2024-07-18T14:34:02+00:00\" \/>\n<meta property=\"og:image\" content=\"https:\/\/dentistesoutremont.ca\/wp-content\/uploads\/2023\/07\/header-notre-equipe.jpg\" \/>\n\t<meta property=\"og:image:width\" content=\"960\" \/>\n\t<meta property=\"og:image:height\" content=\"588\" \/>\n\t<meta property=\"og:image:type\" content=\"image\/jpeg\" \/>\n<meta name=\"twitter:card\" content=\"summary_large_image\" \/>\n<script type=\"application\/ld+json\" class=\"yoast-schema-graph\">{\"@context\":\"https:\/\/schema.org\",\"@graph\":[{\"@type\":\"WebPage\",\"@id\":\"https:\/\/dentistesoutremont.ca\/en\/dental-clinic\/our-team\/\",\"url\":\"https:\/\/dentistesoutremont.ca\/en\/dental-clinic\/our-team\/\",\"name\":\"Our team - Dentistes Outremont\",\"isPartOf\":{\"@id\":\"https:\/\/dentistesoutremont.ca\/en\/#website\"},\"primaryImageOfPage\":{\"@id\":\"https:\/\/dentistesoutremont.ca\/en\/dental-clinic\/our-team\/#primaryimage\"},\"image\":{\"@id\":\"https:\/\/dentistesoutremont.ca\/en\/dental-clinic\/our-team\/#primaryimage\"},\"thumbnailUrl\":\"https:\/\/dentistesoutremont.ca\/wp-content\/uploads\/2023\/07\/header-notre-equipe.jpg\",\"datePublished\":\"2023-07-20T14:47:33+00:00\",\"dateModified\":\"2024-07-18T14:34:02+00:00\",\"breadcrumb\":{\"@id\":\"https:\/\/dentistesoutremont.ca\/en\/dental-clinic\/our-team\/#breadcrumb\"},\"inLanguage\":\"en-US\",\"potentialAction\":[{\"@type\":\"ReadAction\",\"target\":[\"https:\/\/dentistesoutremont.ca\/en\/dental-clinic\/our-team\/\"]}]},{\"@type\":\"ImageObject\",\"inLanguage\":\"en-US\",\"@id\":\"https:\/\/dentistesoutremont.ca\/en\/dental-clinic\/our-team\/#primaryimage\",\"url\":\"https:\/\/dentistesoutremont.ca\/wp-content\/uploads\/2023\/07\/header-notre-equipe.jpg\",\"contentUrl\":\"https:\/\/dentistesoutremont.ca\/wp-content\/uploads\/2023\/07\/header-notre-equipe.jpg\",\"width\":960,\"height\":588},{\"@type\":\"BreadcrumbList\",\"@id\":\"https:\/\/dentistesoutremont.ca\/en\/dental-clinic\/our-team\/#breadcrumb\",\"itemListElement\":[{\"@type\":\"ListItem\",\"position\":1,\"name\":\"Dental clinic\",\"item\":\"https:\/\/dentistesoutremont.ca\/en\/la-clinique\/\"},{\"@type\":\"ListItem\",\"position\":2,\"name\":\"Our team\"}]},{\"@type\":\"WebSite\",\"@id\":\"https:\/\/dentistesoutremont.ca\/en\/#website\",\"url\":\"https:\/\/dentistesoutremont.ca\/en\/\",\"name\":\"Dentistes Outremont\",\"description\":\"Un site utilisant WordPress\",\"publisher\":{\"@id\":\"https:\/\/dentistesoutremont.ca\/en\/#organization\"},\"potentialAction\":[{\"@type\":\"SearchAction\",\"target\":{\"@type\":\"EntryPoint\",\"urlTemplate\":\"https:\/\/dentistesoutremont.ca\/en\/?s={search_term_string}\"},\"query-input\":{\"@type\":\"PropertyValueSpecification\",\"valueRequired\":true,\"valueName\":\"search_term_string\"}}],\"inLanguage\":\"en-US\"},{\"@type\":\"Organization\",\"@id\":\"https:\/\/dentistesoutremont.ca\/en\/#organization\",\"name\":\"Dentistes Outremont\",\"url\":\"https:\/\/dentistesoutremont.ca\/en\/\",\"logo\":{\"@type\":\"ImageObject\",\"inLanguage\":\"en-US\",\"@id\":\"https:\/\/dentistesoutremont.ca\/en\/#\/schema\/logo\/image\/\",\"url\":\"https:\/\/dentistesoutremont.ca\/wp-content\/uploads\/2023\/04\/Logo-Dentistes-Outremont.svg\",\"contentUrl\":\"https:\/\/dentistesoutremont.ca\/wp-content\/uploads\/2023\/04\/Logo-Dentistes-Outremont.svg\",\"width\":111,\"height\":127,\"caption\":\"Dentistes Outremont\"},\"image\":{\"@id\":\"https:\/\/dentistesoutremont.ca\/en\/#\/schema\/logo\/image\/\"}}]}<\/script>\n<!-- \/ Yoast SEO plugin. -->","yoast_head_json":{"title":"Our team - Dentistes Outremont","robots":{"index":"index","follow":"follow","max-snippet":"max-snippet:-1","max-image-preview":"max-image-preview:large","max-video-preview":"max-video-preview:-1"},"canonical":"https:\/\/dentistesoutremont.ca\/en\/dental-clinic\/our-team\/","og_locale":"en_US","og_type":"article","og_title":"Our team - Dentistes Outremont","og_description":"Our teamOur professionals at Dentistes Outremont are committed to helping each other: we believe in collaboration within the team, as well as in communication with patients. The relationship of trust with our Montreal clientele is [&hellip;]","og_url":"https:\/\/dentistesoutremont.ca\/en\/dental-clinic\/our-team\/","og_site_name":"Dentistes Outremont","article_modified_time":"2024-07-18T14:34:02+00:00","og_image":[{"width":960,"height":588,"url":"https:\/\/dentistesoutremont.ca\/wp-content\/uploads\/2023\/07\/header-notre-equipe.jpg","type":"image\/jpeg"}],"twitter_card":"summary_large_image","schema":{"@context":"https:\/\/schema.org","@graph":[{"@type":"WebPage","@id":"https:\/\/dentistesoutremont.ca\/en\/dental-clinic\/our-team\/","url":"https:\/\/dentistesoutremont.ca\/en\/dental-clinic\/our-team\/","name":"Our team - Dentistes Outremont","isPartOf":{"@id":"https:\/\/dentistesoutremont.ca\/en\/#website"},"primaryImageOfPage":{"@id":"https:\/\/dentistesoutremont.ca\/en\/dental-clinic\/our-team\/#primaryimage"},"image":{"@id":"https:\/\/dentistesoutremont.ca\/en\/dental-clinic\/our-team\/#primaryimage"},"thumbnailUrl":"https:\/\/dentistesoutremont.ca\/wp-content\/uploads\/2023\/07\/header-notre-equipe.jpg","datePublished":"2023-07-20T14:47:33+00:00","dateModified":"2024-07-18T14:34:02+00:00","breadcrumb":{"@id":"https:\/\/dentistesoutremont.ca\/en\/dental-clinic\/our-team\/#breadcrumb"},"inLanguage":"en-US","potentialAction":[{"@type":"ReadAction","target":["https:\/\/dentistesoutremont.ca\/en\/dental-clinic\/our-team\/"]}]},{"@type":"ImageObject","inLanguage":"en-US","@id":"https:\/\/dentistesoutremont.ca\/en\/dental-clinic\/our-team\/#primaryimage","url":"https:\/\/dentistesoutremont.ca\/wp-content\/uploads\/2023\/07\/header-notre-equipe.jpg","contentUrl":"https:\/\/dentistesoutremont.ca\/wp-content\/uploads\/2023\/07\/header-notre-equipe.jpg","width":960,"height":588},{"@type":"BreadcrumbList","@id":"https:\/\/dentistesoutremont.ca\/en\/dental-clinic\/our-team\/#breadcrumb","itemListElement":[{"@type":"ListItem","position":1,"name":"Dental clinic","item":"https:\/\/dentistesoutremont.ca\/en\/la-clinique\/"},{"@type":"ListItem","position":2,"name":"Our team"}]},{"@type":"WebSite","@id":"https:\/\/dentistesoutremont.ca\/en\/#website","url":"https:\/\/dentistesoutremont.ca\/en\/","name":"Dentistes Outremont","description":"Un site utilisant WordPress","publisher":{"@id":"https:\/\/dentistesoutremont.ca\/en\/#organization"},"potentialAction":[{"@type":"SearchAction","target":{"@type":"EntryPoint","urlTemplate":"https:\/\/dentistesoutremont.ca\/en\/?s={search_term_string}"},"query-input":{"@type":"PropertyValueSpecification","valueRequired":true,"valueName":"search_term_string"}}],"inLanguage":"en-US"},{"@type":"Organization","@id":"https:\/\/dentistesoutremont.ca\/en\/#organization","name":"Dentistes Outremont","url":"https:\/\/dentistesoutremont.ca\/en\/","logo":{"@type":"ImageObject","inLanguage":"en-US","@id":"https:\/\/dentistesoutremont.ca\/en\/#\/schema\/logo\/image\/","url":"https:\/\/dentistesoutremont.ca\/wp-content\/uploads\/2023\/04\/Logo-Dentistes-Outremont.svg","contentUrl":"https:\/\/dentistesoutremont.ca\/wp-content\/uploads\/2023\/04\/Logo-Dentistes-Outremont.svg","width":111,"height":127,"caption":"Dentistes Outremont"},"image":{"@id":"https:\/\/dentistesoutremont.ca\/en\/#\/schema\/logo\/image\/"}}]}},"_links":{"self":[{"href":"https:\/\/dentistesoutremont.ca\/en\/wp-json\/wp\/v2\/pages\/1160","targetHints":{"allow":["GET"]}}],"collection":[{"href":"https:\/\/dentistesoutremont.ca\/en\/wp-json\/wp\/v2\/pages"}],"about":[{"href":"https:\/\/dentistesoutremont.ca\/en\/wp-json\/wp\/v2\/types\/page"}],"author":[{"embeddable":true,"href":"https:\/\/dentistesoutremont.ca\/en\/wp-json\/wp\/v2\/users\/1"}],"replies":[{"embeddable":true,"href":"https:\/\/dentistesoutremont.ca\/en\/wp-json\/wp\/v2\/comments?post=1160"}],"version-history":[{"count":1,"href":"https:\/\/dentistesoutremont.ca\/en\/wp-json\/wp\/v2\/pages\/1160\/revisions"}],"predecessor-version":[{"id":1926,"href":"https:\/\/dentistesoutremont.ca\/en\/wp-json\/wp\/v2\/pages\/1160\/revisions\/1926"}],"up":[{"embeddable":true,"href":"https:\/\/dentistesoutremont.ca\/en\/wp-json\/wp\/v2\/pages\/1149"}],"wp:featuredmedia":[{"embeddable":true,"href":"https:\/\/dentistesoutremont.ca\/en\/wp-json\/wp\/v2\/media\/1162"}],"wp:attachment":[{"href":"https:\/\/dentistesoutremont.ca\/en\/wp-json\/wp\/v2\/media?parent=1160"}],"curies":[{"name":"wp","href":"https:\/\/api.w.org\/{rel}","templated":true}]}}